{"id":1789,"date":"2019-04-18T22:02:26","date_gmt":"2019-04-18T22:02:26","guid":{"rendered":"http:\/\/www.compagniateatronest.it\/site\/?page_id=1789"},"modified":"2019-04-18T22:02:27","modified_gmt":"2019-04-18T22:02:27","slug":"privacy-policy","status":"publish","type":"page","link":"https:\/\/www.compagniateatronest.it\/site\/privacy-policy\/","title":{"rendered":"PRIVACY POLICY"},"content":{"rendered":"\n<p>Introduzione<br>\nLa presente Policy ha lo scopo di descrivere le modalit\u00e0 di gestione in riferimento al trattamento dei dati personali degli utenti\/visitatori di questo sito web, raggiungibile all\u2019indirizzo sito www.compagniateatronest.it<\/p>\n\n\n\n<p>Raccomandiamo di leggere attentamente questa privacy policy prima della fornitura dei dati stessi.<\/p>\n\n\n\n<p>Questa comunicazione \u00e8 fornita in conformit\u00e0 alla normativa europea di cui al Regolamento UE n 2016\/679 (GDPR), art. 13.<\/p>\n\n\n\n<p>Titolarit\u00e0<br>\nTitolare del trattamento \u00e8  NEST &#8211; Nest Napoli Est Teatro Via Bernardino Martirano 17, 80142 San Giovanni a Teduccio, Napoli, C.F. 95206020638 \/ P.Iva 07991761219 (di seguito indicata semplicemente come \u201cTitolare\u201d).<\/p>\n\n\n\n<p>La lista aggiornata dei responsabili del trattamento \u00e8 disponibile inoltrando richiesta a teatronestt@gmail.com<\/p>\n\n\n\n<p>Ambito oggetto di questa policy<br>\nQuesta Privacy Policy riguarda il presente sito web e non anche ulteriori siti web che non siano di pertinenza di Nest, Napoli Est Teatro eventualmente consultati dall\u2019utente tramite navigazione dei link.<\/p>\n\n\n\n<p>Policy e informativa<br>\nIl sito web svolge una funzione prevalentemente informativa delle attivit\u00e0 svolte da Nest, Napoli Est Teatro. Pertanto, nella maggior parte dei casi, non \u00e8 prevista raccolta di dati personali dal navigatore.<\/p>\n\n\n\n<p>Nei casi in cui sia possibile inserire dei dati, come per esempio tramite il \u201cmodulo di contatto\u201d presente nella sezione \u201ccontatti\u201d, tali dati saranno utilizzati solo per rispondere alle richieste inoltrate dagli utenti. In questi casi, viene fornita l\u2019informativa privacy che precisa l\u2019uso dei dati e le altre indicazioni richieste dalla legge. Raccomandiamo di leggere queste informative prima di fornire i dati.<\/p>\n\n\n\n<p>In aggiunta, in limitati casi in cui si rendesse necessario raccogliere informazioni personali per altri fini, questo verr\u00e0 chiaramente evidenziato nelle informative di legge, al fine di consentire trasparenza e consapevolezza all\u2019utente.<\/p>\n\n\n\n<p>Tali informative sono dirette a definire limiti e modalit\u00e0 del trattamento dei dati di ciascun servizio, in base alle quali il visitatore potr\u00e0 esprimere liberamente il proprio consenso (se necessario) ed autorizzare eventualmente la raccolta dei dati ed il loro successivo utilizzo.<\/p>\n\n\n\n<p>Dati di navigazione<br>\nI sistemi informatici e le procedure software preposte al funzionamento di questo sito web acquisiscono, nel corso del loro normale esercizio, alcuni dati personali la cui trasmissione \u00e8 implicita nell\u2019uso dei protocolli di comunicazione di Internet.<\/p>\n\n\n\n<p>In questa categoria di dati rientrano: gli indirizzi IP, il tipo di browser utilizzato, il sistema operativo, il nome di dominio e gli indirizzi di siti web dai quali \u00e8 stato effettuato l\u2019accesso o l\u2019uscita, le informazioni sulle pagine visitate dagli utenti all\u2019interno del sito, l\u2019orario d\u2019accesso, la permanenza sulla singola pagina, l\u2019analisi di percorso interno ed altri parametri relativi al sistema operativo e all\u2019ambiente informatico dell\u2019utente.<\/p>\n\n\n\n<p>Tali dati di carattere tecnico\/informatico sono raccolti ed utilizzati esclusivamente in maniera aggregata e non immediatamente identificativa; essi potrebbero essere utilizzati per l\u2019accertamento di responsabilit\u00e0 in caso di ipotetici reati informatici ai danni del sito o su richiesta della pubblica autorit\u00e0.<\/p>\n\n\n\n<p>Cookie (rinvio)<br>\nIn merito all\u2019installazione di cookie da parte di questo sito web si rinvia alla Cookie policy.<\/p>\n\n\n\n<p>Redirect verso siti estern<br>\nDa questo sito web \u00e8 possibile collegarsi mediante appositi link verso altri siti web di terzi.<\/p>\n\n\n\n<p>Nest, Napoli Est Teatro declina qualsiasi responsabilit\u00e0 in merito all\u2019eventuale gestione di dati personali da parte di siti terzi e in ordine alla gestione delle credenziali di autenticazione fornite da soggetti terzi.<\/p>\n\n\n\n<p>Modalit\u00e0 del trattamento e conservazione dei dati<br>\nIl trattamento dei dati personali viene effettuato prevalentemente utilizzando procedure e supporti elettronici per il tempo strettamente necessario a conseguire gli scopi per i quali i dati sono stati raccolti. L\u2019utente, comunque, ha diritto di ottenere la cancellazione dei propri dati in presenza di motivi legittimi.<\/p>\n\n\n\n<p>Facoltativit\u00e0 del conferimento dati<br>\nLa fornitura dei dati personali richiesti all\u2019interessato \u2013 se non specificato diversamente \u2013 \u00e8 facoltativa, tuttavia il loro mancato conferimento pu\u00f2 comportare l\u2019impossibilit\u00e0 di ottenere quanto richiesto ovvero di eseguire l\u2019attivit\u00e0 indicata.<\/p>\n\n\n\n<p>Luogo del trattamento dati<br>\nI trattamenti connessi ai servizi web di questo sito hanno luogo presso Go Daddy Hosting che provvede alla gestione del relativo server. I dati personali sono curati solo da personale tecnico di tale azienda, appositamente incaricato del trattamento, oppure da eventuali incaricati di occasionali operazioni di manutenzione.<\/p>\n\n\n\n<p>Ambito di circolazione dei dati e diffusione dei dati<br>\nAi dati personali acquisiti tramite questo sito web vi accedono unicamente soggetti che agiscono per conto del Titolare, appositamente designati come data manager, coordinatori o incaricati e preposti alla gestione del servizio richiesto; i medesimi dati non sono diffusi.<\/p>\n\n\n\n<p>Informazioni pi\u00f9 dettagliate sui nominativi dei ruoli privacy potranno essere richieste scrivendo a teatronestt@gmail.com<\/p>\n\n\n\n<p>Diritti per la tutela dei dati personal<br>\nI soggetti cui si riferiscono i dati personali hanno il diritto in qualunque momento di ottenere la conferma dell\u2019esistenza o meno dei medesimi dati e di conoscerne il contenuto e l\u2019origine, verificarne l\u2019esattezza o chiederne l\u2019integrazione o l\u2019aggiornamento, oppure la rettificazione.<\/p>\n\n\n\n<p>Inoltre, si ha il diritto di chiedere la cancellazione, la trasformazione in forma anonima o il blocco dei dati trattati in violazione di legge, nonch\u00e9 di opporsi in ogni caso, per motivi legittimi, al loro trattamento.<\/p>\n\n\n\n<p>Le richieste vanno rivolte a teatronestt@gmail.com<\/p>\n\n\n\n<p>Modifiche alla policy<br>\nL\u2019eventuale entrata in vigore di nuove normative di settore, come anche il costante esame ed aggiornamento dei servizi all\u2019utente, potrebbe comportare la necessit\u00e0 di variare le modalit\u00e0 di trattamento dei dati personali. \u00c8\u2019 pertanto possibile che la nostra policy subisca modifiche nel tempo ed invitiamo, pertanto, il visitatore a consultare periodicamente questa pagina. A questo scopo il documento di policy evidenzia la data di aggiornamento.<\/p>\n\n\n\n<p>Data di Redazione: 18\/04\/2019<\/p>\n\n\n\n<p>Ultimo Aggiornamento: 18\/04\/2019<\/p>\n","protected":false},"excerpt":{"rendered":"<p>Introduzione La presente Policy ha lo scopo di descrivere le modalit\u00e0 di gestione in riferimento al trattamento dei dati personali degli utenti\/visitatori di questo sito web, raggiungibile all\u2019indirizzo sito www.compagniateatronest.it Raccomandiamo di leggere attentamente questa privacy policy prima della fornitura dei dati stessi. Questa comunicazione \u00e8 fornita in conformit\u00e0 alla normativa europea di cui al [&hellip;]<\/p>\n","protected":false},"author":1,"featured_media":0,"parent":0,"menu_order":0,"comment_status":"closed","ping_status":"open","template":"template_it_pagina.php","meta":{"ngg_post_thumbnail":0,"footnotes":""},"class_list":["post-1789","page","type-page","status-publish","hentry"],"blocksy_meta":[],"_links":{"self":[{"href":"https:\/\/www.compagniateatronest.it\/site\/wp-json\/wp\/v2\/pages\/1789","targetHints":{"allow":["GET"]}}],"collection":[{"href":"https:\/\/www.compagniateatronest.it\/site\/wp-json\/wp\/v2\/pages"}],"about":[{"href":"https:\/\/www.compagniateatronest.it\/site\/wp-json\/wp\/v2\/types\/page"}],"author":[{"embeddable":true,"href":"https:\/\/www.compagniateatronest.it\/site\/wp-json\/wp\/v2\/users\/1"}],"replies":[{"embeddable":true,"href":"https:\/\/www.compagniateatronest.it\/site\/wp-json\/wp\/v2\/comments?post=1789"}],"version-history":[{"count":1,"href":"https:\/\/www.compagniateatronest.it\/site\/wp-json\/wp\/v2\/pages\/1789\/revisions"}],"predecessor-version":[{"id":1790,"href":"https:\/\/www.compagniateatronest.it\/site\/wp-json\/wp\/v2\/pages\/1789\/revisions\/1790"}],"wp:attachment":[{"href":"https:\/\/www.compagniateatronest.it\/site\/wp-json\/wp\/v2\/media?parent=1789"}],"curies":[{"name":"wp","href":"https:\/\/api.w.org\/{rel}","templated":true}]}}